{"id":57,"date":"2015-11-05T07:00:30","date_gmt":"2015-11-05T06:00:30","guid":{"rendered":"http:\/\/www.sulafishing.com\/?page_id=57"},"modified":"2015-11-09T12:25:17","modified_gmt":"2015-11-09T11:25:17","slug":"kontakt","status":"publish","type":"page","link":"https:\/\/www.sulafishing.com\/cs_CZ\/kontakt\/","title":{"rendered":"KONTAKT"},"content":{"rendered":"<p>[et_pb_section admin_label=&#8221;section&#8221; fullwidth=&#8221;off&#8221;][et_pb_row admin_label=&#8221;row&#8221;][et_pb_column type=&#8221;2_3&#8243;][et_pb_contact_form admin_label=&#8221;Contact Form&#8221; captcha=&#8221;off&#8221; title=&#8221;Napi\u0161te n\u00e1m&#8221; use_border_color=&#8221;off&#8221; border_color=&#8221;#ffffff&#8221; border_style=&#8221;solid&#8221; custom_button=&#8221;off&#8221; button_letter_spacing=&#8221;0&#8243; button_use_icon=&#8221;default&#8221; button_icon_placement=&#8221;right&#8221; button_on_hover=&#8221;on&#8221; button_letter_spacing_hover=&#8221;0&#8243; email=&#8221;info@sulafishing.com&#8221;] [\/et_pb_contact_form][\/et_pb_column][et_pb_column type=&#8221;1_3&#8243;][et_pb_text admin_label=&#8221;Text&#8221; background_layout=&#8221;light&#8221; text_orientation=&#8221;left&#8221; use_border_color=&#8221;off&#8221; border_color=&#8221;#ffffff&#8221; border_style=&#8221;solid&#8221;]<\/p>\n<h3>Informace<\/h3>\n<p>Hlavn\u00edm bonusem pro lidi kte\u0159\u00ed jezd\u00ed s n\u00e1mi je to, \u017ee jim na pobytu uk\u00e1\u017eeme lovn\u00e1 m\u00edsta a jezd\u00edme s nimi na na\u0161e ov\u011b\u0159en\u00e1 m\u00edsta co\u017e je z\u00e1ruka toho, \u017ee si skv\u011ble zachytaj\u00ed a to m\u011b a p\u0159edpokl\u00e1d\u00e1m I ostatn\u00edm jde p\u0159edev\u0161\u00edm. Srde\u010dn\u011b v\u00e1s zvu na ryba\u0159inu na SULE a m\u00e1te-li z\u00e1jem o pobyt zde napi\u0161te mi r\u00e1d se v\u00e1m budu v\u011bnovat.<\/p>\n<p><strong>www.sulafishing.com<br \/>\nROMAN DVO\u0158\u00c1K<\/strong><\/p>\n<p><strong>Adresa:<\/strong> Moravansk\u00e1 85a<br \/>\n619 00 Brno, \u010cesk\u00e1 republika<\/p>\n<p><strong>Mobil:<\/strong> +420 603 261 203<\/p>\n<p><a href=\"mailto:info@sulafishing.com\"><span id=\"et-info-email\">info@sulafishing.com<\/span><\/a><\/p>\n<p>[\/et_pb_text][\/et_pb_column][\/et_pb_row][\/et_pb_section][et_pb_section admin_label=&#8221;section&#8221; fullwidth=&#8221;on&#8221; specialty=&#8221;off&#8221;][et_pb_fullwidth_map admin_label=&#8221;Fullwidth Map&#8221; zoom_level=&#8221;13&#8243; address_lat=&#8221;49.14138183943783&#8243; address_lng=&#8221;16.601773089379837&#8243; address=&#8221;Brno, \u010cesk\u00e1 republika&#8221; mouse_wheel=&#8221;on&#8221;] [et_pb_map_pin title=&#8221;Adresa&#8221; pin_address=&#8221;Moravansk\u00e1 299\/85a, 619 00 Brno-Brno-jih, \u010cesk\u00e1 republika&#8221; pin_address_lat=&#8221;49.143538&#8243; pin_address_lng=&#8221;16.59937690000004&#8243;] [\/et_pb_map_pin] [\/et_pb_fullwidth_map][\/et_pb_section]<\/p>\n<!-- AddThis Advanced Settings generic via filter on the_content --><!-- AddThis Share Buttons generic via filter on the_content -->","protected":false},"excerpt":{"rendered":"<p>[et_pb_section admin_label=&#8221;section&#8221; fullwidth=&#8221;off&#8221;][et_pb_row admin_label=&#8221;row&#8221;][et_pb_column type=&#8221;2_3&#8243;][et_pb_contact_form admin_label=&#8221;Contact Form&#8221; captcha=&#8221;off&#8221; title=&#8221;Napi\u0161te n\u00e1m&#8221; use_border_color=&#8221;off&#8221; border_color=&#8221;#ffffff&#8221; border_style=&#8221;so&#8230;<!-- AddThis Advanced Settings generic via filter on get_the_excerpt --><!-- AddThis Share Buttons generic via filter on get_the_excerpt --><\/p>\n","protected":false},"author":1,"featured_media":0,"parent":0,"menu_order":0,"comment_status":"closed","ping_status":"closed","template":"","meta":{"_et_pb_use_builder":"on","_et_pb_old_content":"","_et_gb_content_width":""},"_links":{"self":[{"href":"https:\/\/www.sulafishing.com\/cs_CZ\/wp-json\/wp\/v2\/pages\/57"}],"collection":[{"href":"https:\/\/www.sulafishing.com\/cs_CZ\/wp-json\/wp\/v2\/pages"}],"about":[{"href":"https:\/\/www.sulafishing.com\/cs_CZ\/wp-json\/wp\/v2\/types\/page"}],"author":[{"embeddable":true,"href":"https:\/\/www.sulafishing.com\/cs_CZ\/wp-json\/wp\/v2\/users\/1"}],"replies":[{"embeddable":true,"href":"https:\/\/www.sulafishing.com\/cs_CZ\/wp-json\/wp\/v2\/comments?post=57"}],"version-history":[{"count":10,"href":"https:\/\/www.sulafishing.com\/cs_CZ\/wp-json\/wp\/v2\/pages\/57\/revisions"}],"predecessor-version":[{"id":155,"href":"https:\/\/www.sulafishing.com\/cs_CZ\/wp-json\/wp\/v2\/pages\/57\/revisions\/155"}],"wp:attachment":[{"href":"https:\/\/www.sulafishing.com\/cs_CZ\/wp-json\/wp\/v2\/media?parent=57"}],"curies":[{"name":"wp","href":"https:\/\/api.w.org\/{rel}","templated":true}]}}