{"id":51,"date":"2015-11-05T06:59:53","date_gmt":"2015-11-05T05:59:53","guid":{"rendered":"http:\/\/www.sulafishing.com\/?page_id=51"},"modified":"2016-05-08T10:15:09","modified_gmt":"2016-05-08T08:15:09","slug":"zkusenosti-rybaru","status":"publish","type":"page","link":"https:\/\/www.sulafishing.com\/cs_CZ\/zkusenosti-rybaru\/","title":{"rendered":"ZKU\u0160ENOSTI RYB\u00c1\u0158\u016e"},"content":{"rendered":"<p>[et_pb_section admin_label=&#8221;section&#8221; fullwidth=&#8221;off&#8221; specialty=&#8221;off&#8221; background_color=&#8221;#ffffff&#8221; inner_shadow=&#8221;off&#8221; parallax=&#8221;off&#8221;][et_pb_row admin_label=&#8221;row&#8221;][et_pb_column type=&#8221;4_4&#8243;][et_pb_testimonial admin_label=&#8221;Testimonial&#8221; author=&#8221;Pod\u011bkov\u00e1n\u00ed.&#8221; url_new_window=&#8221;off&#8221; portrait_url=&#8221;http:\/\/www.sulafishing.com\/wp-content\/uploads\/2015\/11\/IMG_0809-640&#215;480-640&#215;480.jpg&#8221; quote_icon=&#8221;off&#8221; use_background_color=&#8221;on&#8221; background_color=&#8221;#f5f5f5&#8243; background_layout=&#8221;light&#8221; text_orientation=&#8221;left&#8221; job_title=&#8221;Konec sez\u00f3ny v Norsku 2015. &#8221; use_border_color=&#8221;off&#8221; border_color=&#8221;#ffffff&#8221; border_style=&#8221;solid&#8221; portrait_border_radius=&#8221;90&#8243; portrait_width=&#8221;90&#8243; portrait_height=&#8221;90&#8243; body_font_size=&#8221;14&#8243;]<\/p>\n<p><a href=\"http:\/\/www.sulafishing.com\/wp-content\/uploads\/2015\/11\/10865752_898789356831940_6032868600693338759_o-Large.jpg\"><img loading=\"lazy\" class=\"aligncenter wp-image-113 size-full\" src=\"http:\/\/www.sulafishing.com\/wp-content\/uploads\/2015\/11\/10865752_898789356831940_6032868600693338759_o-Large.jpg\" alt=\"10865752_898789356831940_6032868600693338759_o (Large)\" width=\"1806\" height=\"1080\" srcset=\"https:\/\/www.sulafishing.com\/wp-content\/uploads\/2015\/11\/10865752_898789356831940_6032868600693338759_o-Large.jpg 1806w, https:\/\/www.sulafishing.com\/wp-content\/uploads\/2015\/11\/10865752_898789356831940_6032868600693338759_o-Large-300x179.jpg 300w, https:\/\/www.sulafishing.com\/wp-content\/uploads\/2015\/11\/10865752_898789356831940_6032868600693338759_o-Large-1024x612.jpg 1024w, https:\/\/www.sulafishing.com\/wp-content\/uploads\/2015\/11\/10865752_898789356831940_6032868600693338759_o-Large-1080x646.jpg 1080w\" sizes=\"(max-width: 1806px) 100vw, 1806px\" \/><\/a><\/p>\n<p>Cht\u011bl bych t\u00edmto pod\u011bkovat m\u00fdm super kamar\u00e1d\u016fm \u2013 Dorsakovi a Jelimanovi za n\u00e1dhern\u00fd konec sez\u00f3ny v Norsku v r.2015. Po sez\u00f3nn\u00edm pobytu na Bakkanu jsem p\u0159ijal jejich pozv\u00e1n\u00ed na kouzeln\u00fd ostrov Sula v prvn\u00ed polovin\u011b z\u00e1\u0159\u00ed. L\u00e1kalo mn\u011b to tam hlavn\u011b kv\u016fli lehk\u00e9 dosa\u017eitelnosti sv\u011btozn\u00e1m\u00fdch lovi\u0161\u0165 Ornklakenu a Storflua, kter\u00e9 d\u016fv\u011brn\u011b pozn\u00e1m z n\u011bkolikalet\u00e9ho pobytu na Titranu.<\/p>\n<p>Z\u00e1zem\u00ed pro n\u00e1ro\u010dn\u00e9 ryb\u00e1\u0159e je zde vytvo\u0159eno na velmi vysok\u00e9 \u00farovni. Ubytov\u00e1ni vy\u0161\u0161\u00ed norsk\u00fd standart, kryt\u00e1 filetarna se samostatn\u00fdm molem pro vylo\u017een\u00ed ryb, mrazic\u00ed box hned vedle filet\u00e1rny, kde si m\u016f\u017eete zpracovan\u00e9 filety ulo\u017eit p\u0159\u00edmo do beden a su\u0161\u00e1rna obleku hned vedle mrazic\u00edho boxu v\u00e1m dovoluji p\u0159ij\u00edt na ryby a n\u00e1sledn\u011b po ryba\u0159en\u00ed se vr\u00e1tit na ubytovnu v papu\u010d\u00edch a tepl\u00e1c\u00edch.<\/p>\n<p>Ale dost u\u017e o vybaven\u00ed. V\u00edm, \u017ee ka\u017ed\u00e9ho zaj\u00edm\u00e1 hlavn\u011b rybolov. Na za\u010d\u00e1tku jsem m\u011bl trochu obavy z neuv\u011b\u0159iteln\u011b \u010dlenit\u00e9ho pob\u0159e\u017e\u00ed v okol\u00ed ostrova Sula. Siln\u011b a velmi stabiln\u00ed lod\u011b s motory 50-60 HP jsou v\u0161ak vybaveny plotry Garmin ve variant\u00e1ch Garmin 525- Garmin 620.Tedy pro mne \u00fapln\u011b ide\u00e1ln\u00ed \u0159e\u0161en\u00ed, proto\u017ee garminov\u00e9 ryb\u00e1\u0159sk\u00e9 mapy pova\u017euj\u00ed za jedny z nejlep\u0161\u00edch. Po prozkoum\u00e1n\u00ed map okol\u00ed ostrova jsem zjistil, \u017ee v\u00fdjezdy na otev\u0159en\u00e9 mo\u0159e jsou \u0161irok\u00e9 jako d\u00e1lnice a m\u016f\u017eete vyjet na pln\u00fd plyn.<\/p>\n<p>Prvn\u00ed den pobytu jsme v\u011bnovali zkoum\u00e1n\u00ed bl\u00edzk\u00e9ho okol\u00ed ostrova. P\u0159ijeli jsme a\u017e v odpoledn\u00edch hodin\u00e1ch, tak\u017ee na del\u0161\u00ed v\u00fdjezd jsme nem\u011bli dost \u010dasu. Dohodli jsme se, \u017ee zkus\u00edme vl\u00e1\u010den\u00ed na m\u011bl\u010din\u00e1ch a podr\u00e1\u017ed\u00edme pollaky.Vyjeli jsme sm\u011brem na sever mezi mal\u00e9 ostr\u016fvky a m\u011bl\u010diny. U\u017e po n\u011bkolika n\u00e1hodech jsme dostali prvn\u00ed z\u00e1b\u011bry od pollaku. Na ka\u017ed\u00e9 m\u011bl\u010din\u011b jsme chytili p\u00e1r kousk\u016f kter\u00e9 v\u0161ak byly jen ve velikosti 60-70cm. Na na\u0161e p\u0159ekvapen\u00ed se v hloubk\u00e1ch pod 20 m vyskytovalo obrovsk\u00e9 mno\u017estv\u00ed ostroun\u016f, kte\u0159\u00ed decimovali na\u0161e Zoom\u00e1ck\u00e9 n\u00e1strahy. Na prvn\u00ed den to v\u0161ak byla neskute\u010dn\u00e1 ryba\u0159ina se z\u00e1b\u011bry na ka\u017ed\u00e9 nahozen\u00ed.<\/p>\n<p>V dal\u0161\u00edch dnech n\u00e1m p\u0159\u00e1lo po\u010das\u00ed, tak jsme se pov\u011bnovali v\u00fdjezd\u016fm na Ornklaken. Neskute\u010dn\u011b jsem se t\u011b\u0161il na sv\u00e1 star\u00e1 zn\u00e1m\u00e1 m\u00edsta. Proto\u017ee tento podzimn\u00ed term\u00edn je doslova p\u0159edur\u010den k lovu velk\u00fdch mn\u00edku, tak jsme ani n\u011bjak neexperimentovali a po nachyt\u00e1n\u00ed n\u00e1stra\u017en\u00edch ryb\/makrely a mal\u00ed kelirci\/ jsme zabrousili na m\u011b letit\u00e9 way pointy. \u017d\u00e1dn\u00e9 nemil\u00e9 p\u0159ekvapen\u00ed n\u00e1s ne\u010dekalo. Ryby braly po n\u011bkolika minut\u00e1ch a proti minul\u00fdm rok\u016fm se mi jejich pr\u016fm\u011brn\u00e1 d\u00e9lka zd\u00e1la je\u0161t\u011b v\u011bt\u0161\u00ed.<\/p>\n<p>P\u0159i t\u0159\u00eddenn\u00edm mn\u00edkov\u00e1n\u00ed jsme si u\u017eili neskute\u010dn\u00e9 mno\u017estv\u00ed ryb a j\u00e1 jsem si dokonce vytvo\u0159il nov\u00fd hmotnostn\u00ed rekord. Leng 174cm a 32,5kg je zat\u00edm m\u00e1 nejt\u011b\u017e\u0161\u00ed ryba.<\/p>\n<p>Po n\u011bkolika dnech kr\u00e1sn\u00e9ho po\u010das\u00ed p\u0159i\u0161el jeden v\u011btrn\u00fd den. Padlo n\u00e1m to docela vhod, proto\u017ee u\u017e jsme pot\u0159ebovali oddych. Yakuza a koup\u00e1n\u00ed v mo\u0159i bylo p\u0159\u00edjemn\u00fdm zpest\u0159en\u00edm .<\/p>\n<p>Posledn\u00ed dny jsme se op\u011bt v\u011bnovali vl\u00e1\u010den\u00ed. Tak neskute\u010dn\u011b polackov\u00e1n\u00ed jsem za t\u011bch n\u011bkolik let v Norsku je\u0161t\u011b neza\u017eil. Nemuseli jsme jezdit daleko a hned na v\u00fdjezdu ze spleti ostr\u016fvk\u016f a m\u011bl\u010din sm\u011brem na otev\u0159en\u00e9 mo\u0159e n\u00e1m sta\u010dilo prochyt\u00e1vat m\u011bl\u010diny kter\u00e9 se svazovaly do v\u011bt\u0161\u00edch hloubek a a\u017e na mal\u00e9 v\u00fdjimky p\u0159ich\u00e1zely z\u00e1b\u011bry na ka\u017ed\u00e9 nahozen\u00ed. Ryby ve velikostech od 60 do 90 cm n\u00e1m na jemn\u00e9 n\u00e1\u0159ad\u00ed p\u0159ipravily nekone\u010dn\u00e9 mno\u017estv\u00ed souboj\u016f a kr\u00e1sn\u00fdch z\u00e1\u017eitk\u016f.<\/p>\n<p>Ka\u017ed\u00e9mu ryb\u00e1\u0159i doporu\u010duji, aby aspo\u0148 jedenkr\u00e1t v \u017eivot\u011b nav\u0161t\u00edvil toto n\u00e1dhern\u00e9 m\u00edsto. Po 10 denn\u00edm pobytu jsme nena\u0161li nic na co by jsme si mohli st\u011b\u017eovat a ryba\u0159ina byla neskute\u010dn\u00e1. Kdy\u017e k tomu je\u0161t\u011b p\u0159id\u00e1m super partu a dobrou n\u00e1ladu, tak mu\u017e\u016f \u0159\u00edct, \u017ee takov\u00e1 dovolen\u00e1 stoj\u00ed za to.<\/p>\n<p>[\/et_pb_testimonial][\/et_pb_column][\/et_pb_row][\/et_pb_section][et_pb_section admin_label=&#8221;section&#8221; fullwidth=&#8221;off&#8221; specialty=&#8221;off&#8221; background_color=&#8221;#eeeeee&#8221; inner_shadow=&#8221;off&#8221; parallax=&#8221;off&#8221;][et_pb_row admin_label=&#8221;\u0158\u00e1dek&#8221; make_fullwidth=&#8221;off&#8221; use_custom_width=&#8221;off&#8221; width_unit=&#8221;on&#8221; use_custom_gutter=&#8221;off&#8221; gutter_width=&#8221;1&#8243; padding_mobile=&#8221;off&#8221; allow_player_pause=&#8221;off&#8221; parallax=&#8221;off&#8221; parallax_method=&#8221;off&#8221; make_equal=&#8221;off&#8221; parallax_1=&#8221;off&#8221; parallax_method_1=&#8221;off&#8221; column_padding_mobile=&#8221;on&#8221;][et_pb_column type=&#8221;4_4&#8243;][et_pb_gallery admin_label=&#8221;Galerie&#8221; gallery_ids=&#8221;109,106,105,108,110,107&#8243; fullwidth=&#8221;off&#8221; show_title_and_caption=&#8221;off&#8221; show_pagination=&#8221;on&#8221; background_layout=&#8221;light&#8221; auto=&#8221;off&#8221; hover_overlay_color=&#8221;rgba(255,255,255,0.9)&#8221; caption_all_caps=&#8221;off&#8221; use_border_color=&#8221;off&#8221; border_color=&#8221;#ffffff&#8221; border_style=&#8221;solid&#8221;] [\/et_pb_gallery][\/et_pb_column][\/et_pb_row][\/et_pb_section][et_pb_section admin_label=&#8221;section&#8221; fullwidth=&#8221;off&#8221; specialty=&#8221;off&#8221; background_color=&#8221;#ffffff&#8221; inner_shadow=&#8221;off&#8221; parallax=&#8221;off&#8221;][et_pb_row admin_label=&#8221;row&#8221;][et_pb_column type=&#8221;4_4&#8243;][et_pb_testimonial admin_label=&#8221;Testimonial&#8221; author=&#8221;Marek Sobol&#8221; url_new_window=&#8221;off&#8221; portrait_url=&#8221;http:\/\/www.sulafishing.com\/wp-content\/uploads\/2015\/11\/IMG_0824-Large.jpg&#8221; quote_icon=&#8221;off&#8221; use_background_color=&#8221;on&#8221; background_color=&#8221;#f5f5f5&#8243; background_layout=&#8221;light&#8221; text_orientation=&#8221;left&#8221; job_title=&#8221;Neskuto\u010dn\u00e1 z\u00e1bava a n\u00e1dhern\u00e9 s\u00faboje&#8221; use_border_color=&#8221;off&#8221; border_color=&#8221;#ffffff&#8221; border_style=&#8221;solid&#8221; portrait_border_radius=&#8221;90&#8243; portrait_width=&#8221;90&#8243; portrait_height=&#8221;90&#8243; body_font_size=&#8221;14&#8243;]<\/p>\n<p>Do Norska chodim iba 4 roky. Zatial som navstivil len jednu lokalitu a to Titran.V minulej sezone som dostal pozvanie od Romana Dvo\u0159\u00e1ka na v\u00fdjazd na ostrov Sula. Nako\u013eko sa e\u0161te st\u00e1le c\u00edtim ako nov\u00e1\u010dik, tak som uv\u00edtal mo\u017enos\u0165 \u00eds\u0165 do novej lokality v spolo\u010dnosti star\u00fdch Norkov .<\/p>\n<p>Sula ma nadchla hne\u010f po pr\u00edchode svojou vybavenos\u0165ou a kr\u00e1snym prostred\u00edm.Po\u010dasie bolo tie\u017e pohodov\u00e9, tak\u017ee sme si mohli u\u017e\u00edva\u0165 ryb\u00e1r\u010dinu naplno.<\/p>\n<p>Mn\u00edkovanie u\u017e som poznal z Titranu, tak\u017ee ma neprekvapily \u00falovky nad 150 cm, ale vl\u00e1\u010denie pre m\u0148a bola velk\u00e1 nezn\u00e1ma. Prv\u00e9 dni som sa len \u010dudoval, ako moji spolujazdci \u0165ahali polaky takmer na ka\u017ed\u00e9 nahodenie a ja som trhal o dno a tr\u00e1vu jednu gumu za druhou. Sta\u010dilo v\u0161ak len zop\u00e1r r\u00e1d od zk\u00fasenej\u0161\u00edch a \u00faspechy sa dostavily. Neskuto\u010dn\u00e1 z\u00e1bava a n\u00e1dhern\u00e9 s\u00faboje<\/p>\n<p>Cena zajazdu je sice o nejakych 120 EUR vy\u0161\u0161ia ako ine lokality, ale super vybavenos\u0165 kempu a velke a pohodlne lode so siln\u00fdmi motormi a kvalitn\u00fdmi GPS vam to stoprocentne vyv\u00e1\u017eia.<\/p>\n<p>Bol to m\u00f4j najlep\u0161\u00ed z\u00e1jazd do N\u00f3rska a r\u00e1d sa do tejto lokality zasa vr\u00e1tim<\/p>\n<p>Marek Sobol<\/p>\n<p>[\/et_pb_testimonial][\/et_pb_column][\/et_pb_row][\/et_pb_section][et_pb_section admin_label=&#8221;section&#8221; fullwidth=&#8221;off&#8221; specialty=&#8221;off&#8221; background_color=&#8221;#eeeeee&#8221; inner_shadow=&#8221;off&#8221; parallax=&#8221;off&#8221;][et_pb_row admin_label=&#8221;row&#8221;][et_pb_column type=&#8221;1_3&#8243;][et_pb_image admin_label=&#8221;Image&#8221; src=&#8221;http:\/\/www.sulafishing.com\/wp-content\/uploads\/2015\/11\/IMG_0578-Large1.jpg&#8221; show_in_lightbox=&#8221;on&#8221; url_new_window=&#8221;off&#8221; animation=&#8221;top&#8221; sticky=&#8221;off&#8221; align=&#8221;left&#8221; force_fullwidth=&#8221;off&#8221; always_center_on_mobile=&#8221;on&#8221; use_border_color=&#8221;off&#8221; border_color=&#8221;#ffffff&#8221; border_style=&#8221;solid&#8221;] [\/et_pb_image][\/et_pb_column][et_pb_column type=&#8221;1_3&#8243;][et_pb_image admin_label=&#8221;Image&#8221; src=&#8221;http:\/\/www.sulafishing.com\/wp-content\/uploads\/2015\/11\/IMG_0556-Large1.jpg&#8221; show_in_lightbox=&#8221;on&#8221; url_new_window=&#8221;off&#8221; animation=&#8221;top&#8221; sticky=&#8221;off&#8221; align=&#8221;left&#8221; force_fullwidth=&#8221;off&#8221; always_center_on_mobile=&#8221;on&#8221; use_border_color=&#8221;off&#8221; border_color=&#8221;#ffffff&#8221; border_style=&#8221;solid&#8221;] [\/et_pb_image][\/et_pb_column][et_pb_column type=&#8221;1_3&#8243;][et_pb_image admin_label=&#8221;Image&#8221; src=&#8221;http:\/\/www.sulafishing.com\/wp-content\/uploads\/2015\/11\/IMG_0824-Large1.jpg&#8221; show_in_lightbox=&#8221;on&#8221; url_new_window=&#8221;off&#8221; animation=&#8221;top&#8221; sticky=&#8221;off&#8221; align=&#8221;left&#8221; force_fullwidth=&#8221;off&#8221; always_center_on_mobile=&#8221;on&#8221; use_border_color=&#8221;off&#8221; border_color=&#8221;#ffffff&#8221; border_style=&#8221;solid&#8221;] [\/et_pb_image][\/et_pb_column][\/et_pb_row][\/et_pb_section][et_pb_section admin_label=&#8221;section&#8221; fullwidth=&#8221;off&#8221; specialty=&#8221;off&#8221; background_color=&#8221;#ffffff&#8221; inner_shadow=&#8221;off&#8221; parallax=&#8221;off&#8221;][et_pb_row admin_label=&#8221;row&#8221;][et_pb_column type=&#8221;4_4&#8243;][et_pb_testimonial admin_label=&#8221;Testimonial&#8221; author=&#8221;Jirka 50 &#8221; url_new_window=&#8221;off&#8221; portrait_url=&#8221;http:\/\/www.sulafishing.com\/wp-content\/uploads\/2015\/11\/P1040494-Large.jpg&#8221; quote_icon=&#8221;off&#8221; use_background_color=&#8221;on&#8221; background_color=&#8221;#f5f5f5&#8243; background_layout=&#8221;light&#8221; text_orientation=&#8221;left&#8221; job_title=&#8221;Ryb\u00e1\u0159sk\u00fd sen&#8221; use_border_color=&#8221;off&#8221; border_color=&#8221;#ffffff&#8221; border_style=&#8221;solid&#8221; portrait_border_radius=&#8221;90&#8243; portrait_width=&#8221;90&#8243; portrait_height=&#8221;90&#8243; body_font_size=&#8221;14&#8243;]<\/p>\n<p><a href=\"http:\/\/www.sulafishing.com\/wp-content\/uploads\/2015\/11\/P1040475-Large1.jpg\"><img loading=\"lazy\" class=\"alignright wp-image-404 size-medium\" src=\"http:\/\/www.sulafishing.com\/wp-content\/uploads\/2015\/11\/P1040475-Large1-225x300.jpg\" alt=\"P1040475 (Large)\" width=\"225\" height=\"300\" srcset=\"https:\/\/www.sulafishing.com\/wp-content\/uploads\/2015\/11\/P1040475-Large1-225x300.jpg 225w, https:\/\/www.sulafishing.com\/wp-content\/uploads\/2015\/11\/P1040475-Large1-768x1024.jpg 768w, https:\/\/www.sulafishing.com\/wp-content\/uploads\/2015\/11\/P1040475-Large1.jpg 1080w\" sizes=\"(max-width: 225px) 100vw, 225px\" \/><\/a>Ahoj kamar\u00e1di norsk\u00fdch vod. Cht\u011bl bych se s\u00a0V\u00e1mi pod\u011blit o svoj\u00ed zku\u0161enost s\u00a0ryb\u00e1\u0159skou lokalitou Sula. Do Norska jezd\u00edm u\u017e 10 let n\u011bkdy i dvakr\u00e1t v\u00a0roce. Nav\u0161t\u00edvil jsem u\u017e t\u0159i ryb\u00e1\u0159sk\u00e9 lokality v\u0161echny velice dobr\u00e9 co se t\u00fd\u010de ubytov\u00e1n\u00ed, ryb\u00e1\u0159sk\u00fdch lovi\u0161\u0165 zaji\u0161t\u011bn\u00ed pobytu.<\/p>\n<p>O Sule jsem se dozv\u011bd\u011bl od kamar\u00e1d\u016f a nedalo jim moc pr\u00e1ce mne p\u0159emluvit abych Sulu nav\u0161t\u00edvil. Po p\u0159\u00edjezdu a ubytov\u00e1n\u00ed p\u0159i\u0161lo sezn\u00e1men\u00ed s\u00a0okol\u00edm vybaven\u00edm lod\u011bmi. Byl jsem p\u0159ekvapen \u00farovn\u00ed zabezpe\u010den\u00ed. Vybaven\u00ed\u00a0 apartm\u00e1n\u016f \u00farove\u0148 zabezpe\u010den\u00ed filet\u00e1rny \u00a0su\u0161\u00e1rny na od\u011bvy\u00a0 komorov\u00fd mraz\u00e1k tak\u00e9 nen\u00ed \u00fapln\u011b v\u0161ude. Lod\u011b jsou stabiln\u00ed a osazen\u00ed siln\u00fdmi motory dovoluje lov i v\u00a0m\u00e9n\u011b p\u0159\u00edzniv\u00e9m po\u010das\u00ed. Okoln\u00ed lokality co se t\u00fd\u010de ryb jsou opravdu \u00fa\u017easn\u00e9 a to co se povedlo za\u017e\u00edt tady se d\u00e1 nazvat ryb\u00e1\u0159sk\u00fd sen.<\/p>\n<p>Shrnut\u00ed nav\u0161tivte tuto lokalitu a uvid\u00edte \u017ee bude na co vzpom\u00ednat na dlouh\u00fd \u010das. To je moje pozn\u00e1n\u00ed\u00a0 lokality Sula.<\/p>\n<p>[\/et_pb_testimonial][\/et_pb_column][\/et_pb_row][\/et_pb_section][et_pb_section admin_label=&#8221;section&#8221; fullwidth=&#8221;off&#8221; specialty=&#8221;off&#8221; background_color=&#8221;#eeeeee&#8221; inner_shadow=&#8221;off&#8221; parallax=&#8221;off&#8221;][et_pb_row admin_label=&#8221;row&#8221; make_fullwidth=&#8221;off&#8221; use_custom_width=&#8221;off&#8221; width_unit=&#8221;on&#8221; use_custom_gutter=&#8221;off&#8221; gutter_width=&#8221;3&#8243; padding_mobile=&#8221;off&#8221; allow_player_pause=&#8221;off&#8221; parallax=&#8221;off&#8221; parallax_method=&#8221;off&#8221; make_equal=&#8221;on&#8221; parallax_1=&#8221;off&#8221; parallax_method_1=&#8221;off&#8221; parallax_2=&#8221;off&#8221; parallax_method_2=&#8221;off&#8221; parallax_3=&#8221;off&#8221; parallax_method_3=&#8221;off&#8221; parallax_4=&#8221;off&#8221; parallax_method_4=&#8221;off&#8221; column_padding_mobile=&#8221;on&#8221;][et_pb_column type=&#8221;1_3&#8243;][et_pb_image admin_label=&#8221;Image&#8221; src=&#8221;http:\/\/www.sulafishing.com\/wp-content\/uploads\/2015\/11\/P1040494-Large.jpg&#8221; show_in_lightbox=&#8221;on&#8221; url_new_window=&#8221;off&#8221; animation=&#8221;top&#8221; sticky=&#8221;off&#8221; align=&#8221;left&#8221; force_fullwidth=&#8221;off&#8221; always_center_on_mobile=&#8221;on&#8221; use_border_color=&#8221;off&#8221; border_color=&#8221;#ffffff&#8221; border_style=&#8221;solid&#8221;] [\/et_pb_image][\/et_pb_column][et_pb_column type=&#8221;1_3&#8243;][et_pb_image admin_label=&#8221;Image&#8221; src=&#8221;http:\/\/www.sulafishing.com\/wp-content\/uploads\/2015\/11\/P1040445-Large.jpg&#8221; show_in_lightbox=&#8221;on&#8221; url_new_window=&#8221;off&#8221; animation=&#8221;top&#8221; sticky=&#8221;off&#8221; align=&#8221;left&#8221; force_fullwidth=&#8221;off&#8221; always_center_on_mobile=&#8221;on&#8221; use_border_color=&#8221;off&#8221; border_color=&#8221;#ffffff&#8221; border_style=&#8221;solid&#8221;] [\/et_pb_image][\/et_pb_column][et_pb_column type=&#8221;1_3&#8243;][et_pb_image admin_label=&#8221;Obr\u00e1zek&#8221; src=&#8221;http:\/\/www.sulafishing.com\/wp-content\/uploads\/2015\/11\/P1040422-Large.jpg&#8221; show_in_lightbox=&#8221;on&#8221; url_new_window=&#8221;off&#8221; animation=&#8221;top&#8221; sticky=&#8221;off&#8221; align=&#8221;left&#8221; force_fullwidth=&#8221;off&#8221; always_center_on_mobile=&#8221;on&#8221; use_border_color=&#8221;off&#8221; border_color=&#8221;#ffffff&#8221; border_style=&#8221;solid&#8221;] [\/et_pb_image][\/et_pb_column][\/et_pb_row][\/et_pb_section][et_pb_section admin_label=&#8221;section&#8221; fullwidth=&#8221;off&#8221; specialty=&#8221;off&#8221; background_color=&#8221;#ffffff&#8221; inner_shadow=&#8221;off&#8221; parallax=&#8221;off&#8221;][et_pb_row admin_label=&#8221;row&#8221;][et_pb_column type=&#8221;4_4&#8243;][et_pb_testimonial admin_label=&#8221;Testimonial&#8221; author=&#8221;Borda&#8221; url_new_window=&#8221;off&#8221; portrait_url=&#8221;http:\/\/www.sulafishing.com\/wp-content\/uploads\/2015\/11\/IMG_0750.jpg&#8221; quote_icon=&#8221;off&#8221; use_background_color=&#8221;on&#8221; background_color=&#8221;#f5f5f5&#8243; background_layout=&#8221;light&#8221; text_orientation=&#8221;left&#8221; job_title=&#8221;Leto\u0161n\u00ed ryba\u0159en\u00ed na ostrov\u011b Sula p\u0159ed\u010dilo ve\u0161ker\u00e9 moje o\u010dek\u00e1v\u00e1n\u00ed&#8221; use_border_color=&#8221;off&#8221; border_color=&#8221;#ffffff&#8221; border_style=&#8221;solid&#8221; portrait_border_radius=&#8221;90&#8243; portrait_width=&#8221;90&#8243; portrait_height=&#8221;90&#8243; body_font_size=&#8221;14&#8243;]<\/p>\n<p>V ryba\u0159en\u00ed v Norsku jsem \u00fapln\u00fd za\u010d\u00e1te\u010dn\u00edk, byl jsem dvakr\u00e1t\u00a0ve Snillfjordu, v leto\u0161n\u00edm roce jsem dostal nab\u00eddku od Romana\u00a0z\u00fa\u010dastnit se v\u00fdpravy na ostrov Sula, co\u017e byla moje t\u0159et\u00ed zku\u0161enost s rybolovem v Norsku. Vzhledem k tomu, \u017ee Romana\u00a0zn\u00e1m osobn\u011b,\u00a0a v\u00edm o jeho ryb\u00e1\u0159sk\u00fdch zku\u0161enostech na mo\u0159i, tak jsem od v\u00fdpravy o\u010dek\u00e1val, \u017ee se n\u011bco p\u0159iu\u010d\u00edm\u00a0a pozn\u00e1m novou lokalitu.<\/p>\n<p>Leto\u0161n\u00ed ryba\u0159en\u00ed na ostrov\u011b Sula p\u0159ed\u010dilo ve\u0161ker\u00e9 moje\u00a0o\u010dek\u00e1v\u00e1n\u00ed, mno\u017estv\u00ed\u00a0i rozmanitost ryb, kter\u00e9 se n\u00e1m poda\u0159ilo ulovit.\u00a0Jako za\u010d\u00e1te\u010dn\u00edk jsem si chytil sv\u00e9ho prvn\u00edho mn\u00edka a ne jednoho, d\u00e1le se m\u011b poda\u0159ilo chytit\u00a0 mou prvn\u00ed metrovou tresku. Osobn\u011b m\u00e1m rad\u011bji vl\u00e1\u010den\u00ed ne\u017e pilkrov\u00e1n\u00ed ve velk\u00fdch hloubk\u00e1ch, proto m\u011b pot\u011b\u0161ila mo\u017enost v\u00fdb\u011bru, jestli budeme na hloubk\u00e1ch lovit mn\u00edky nebo\u00a0na m\u011bl\u010din\u00e1ch\u00a0lovit\u00a0velk\u00fd polaky.<\/p>\n<p>Obrovsk\u00e9 p\u0159ekvapen\u00ed pro m\u011b bylo vybaven\u00ed lokality &#8211; prostorn\u00e9 ubytov\u00e1n\u00ed, vybavenost filet\u00e1rny, mraz\u00edc\u00ed m\u00edstnosti a su\u0161\u00e1rny na obleky, co\u017e v\u00edm, \u017ee nen\u00ed jinde standardem. D\u00e1le mus\u00edm pochv\u00e1lit grilovac\u00ed dome\u010dek, kter\u00fd jsme n\u011bkolikr\u00e1t vyu\u017eili i v\u00ed\u0159ivku, kterou jsme m\u011bli mo\u017enost d\u00edky v\u00fdborn\u00e9mu po\u010das\u00ed vyu\u017e\u00edt i na podzim.<\/p>\n<p>Dal\u0161\u00edm p\u0159ekvapen\u00edm po p\u0159ede\u0161l\u00fdch zku\u0161enostech byly p\u011bkn\u00e9 stabiln\u00ed a bezpe\u010dn\u00e9 lod\u011b s v\u00fdkonn\u00fdm motorem.<\/p>\n<p>Vzhledem k \u00a0lokalit\u011b a lidem, se kter\u00fdma jsem ryba\u0159il, budu\u00a0 na tuhle dovolenou dlouho vzpom\u00ednat a douf\u00e1m, \u017ee si to je\u0161t\u011b n\u011bkdy zopakujeme.<\/p>\n<p>[\/et_pb_testimonial][\/et_pb_column][\/et_pb_row][\/et_pb_section][et_pb_section admin_label=&#8221;section&#8221; fullwidth=&#8221;off&#8221; specialty=&#8221;off&#8221; background_color=&#8221;#eeeeee&#8221; inner_shadow=&#8221;off&#8221; parallax=&#8221;off&#8221;][et_pb_row admin_label=&#8221;row&#8221; make_fullwidth=&#8221;off&#8221; use_custom_width=&#8221;off&#8221; width_unit=&#8221;on&#8221; use_custom_gutter=&#8221;off&#8221; gutter_width=&#8221;3&#8243; padding_mobile=&#8221;off&#8221; allow_player_pause=&#8221;off&#8221; parallax=&#8221;off&#8221; parallax_method=&#8221;off&#8221; make_equal=&#8221;on&#8221; parallax_1=&#8221;off&#8221; parallax_method_1=&#8221;off&#8221; parallax_2=&#8221;off&#8221; parallax_method_2=&#8221;off&#8221; parallax_3=&#8221;off&#8221; parallax_method_3=&#8221;off&#8221; parallax_4=&#8221;off&#8221; parallax_method_4=&#8221;off&#8221; column_padding_mobile=&#8221;on&#8221;][et_pb_column type=&#8221;1_3&#8243;][et_pb_image admin_label=&#8221;Image&#8221; src=&#8221;http:\/\/www.sulafishing.com\/wp-content\/uploads\/2015\/11\/IMG_0560.jpg&#8221; show_in_lightbox=&#8221;on&#8221; url_new_window=&#8221;off&#8221; animation=&#8221;top&#8221; sticky=&#8221;off&#8221; align=&#8221;left&#8221; force_fullwidth=&#8221;off&#8221; always_center_on_mobile=&#8221;on&#8221; use_border_color=&#8221;off&#8221; border_color=&#8221;#ffffff&#8221; border_style=&#8221;solid&#8221;] [\/et_pb_image][\/et_pb_column][et_pb_column type=&#8221;1_3&#8243;][et_pb_image admin_label=&#8221;Image&#8221; src=&#8221;http:\/\/www.sulafishing.com\/wp-content\/uploads\/2015\/11\/IMG_0626.jpg&#8221; show_in_lightbox=&#8221;on&#8221; url_new_window=&#8221;off&#8221; animation=&#8221;top&#8221; sticky=&#8221;off&#8221; align=&#8221;left&#8221; force_fullwidth=&#8221;off&#8221; always_center_on_mobile=&#8221;on&#8221; use_border_color=&#8221;off&#8221; border_color=&#8221;#ffffff&#8221; border_style=&#8221;solid&#8221;] [\/et_pb_image][\/et_pb_column][et_pb_column type=&#8221;1_3&#8243;][et_pb_image admin_label=&#8221;Obr\u00e1zek&#8221; src=&#8221;http:\/\/www.sulafishing.com\/wp-content\/uploads\/2015\/11\/IMG_07501.jpg&#8221; show_in_lightbox=&#8221;on&#8221; url_new_window=&#8221;off&#8221; animation=&#8221;top&#8221; sticky=&#8221;off&#8221; align=&#8221;left&#8221; force_fullwidth=&#8221;off&#8221; always_center_on_mobile=&#8221;on&#8221; use_border_color=&#8221;off&#8221; border_color=&#8221;#ffffff&#8221; border_style=&#8221;solid&#8221;] [\/et_pb_image][\/et_pb_column][\/et_pb_row][\/et_pb_section]<\/p>\n<!-- AddThis Advanced Settings generic via filter on the_content --><!-- AddThis Share Buttons generic via filter on the_content -->","protected":false},"excerpt":{"rendered":"<p>[et_pb_section admin_label=&#8221;section&#8221; fullwidth=&#8221;off&#8221; specialty=&#8221;off&#8221; background_color=&#8221;#ffffff&#8221; inner_shadow=&#8221;off&#8221; parallax=&#8221;off&#8221;][et_pb_row admin_label=&#8221;row&#8221;][et_pb_column type=&#8221;4_4&#8243;][et_pb_testimonial admin_label=&#8221;Testimonial&#8221; author=&#8221;Pod\u011bkov\u00e1n\u00ed.&#8221; &#8230;<!-- AddThis Advanced Settings generic via filter on get_the_excerpt --><!-- AddThis Share Buttons generic via filter on get_the_excerpt --><\/p>\n","protected":false},"author":1,"featured_media":0,"parent":0,"menu_order":0,"comment_status":"closed","ping_status":"closed","template":"","meta":{"_et_pb_use_builder":"on","_et_pb_old_content":"","_et_gb_content_width":""},"_links":{"self":[{"href":"https:\/\/www.sulafishing.com\/cs_CZ\/wp-json\/wp\/v2\/pages\/51"}],"collection":[{"href":"https:\/\/www.sulafishing.com\/cs_CZ\/wp-json\/wp\/v2\/pages"}],"about":[{"href":"https:\/\/www.sulafishing.com\/cs_CZ\/wp-json\/wp\/v2\/types\/page"}],"author":[{"embeddable":true,"href":"https:\/\/www.sulafishing.com\/cs_CZ\/wp-json\/wp\/v2\/users\/1"}],"replies":[{"embeddable":true,"href":"https:\/\/www.sulafishing.com\/cs_CZ\/wp-json\/wp\/v2\/comments?post=51"}],"version-history":[{"count":37,"href":"https:\/\/www.sulafishing.com\/cs_CZ\/wp-json\/wp\/v2\/pages\/51\/revisions"}],"predecessor-version":[{"id":11421,"href":"https:\/\/www.sulafishing.com\/cs_CZ\/wp-json\/wp\/v2\/pages\/51\/revisions\/11421"}],"wp:attachment":[{"href":"https:\/\/www.sulafishing.com\/cs_CZ\/wp-json\/wp\/v2\/media?parent=51"}],"curies":[{"name":"wp","href":"https:\/\/api.w.org\/{rel}","templated":true}]}}