{"id":40,"date":"2015-11-05T06:50:51","date_gmt":"2015-11-05T05:50:51","guid":{"rendered":"http:\/\/www.sulafishing.com\/?page_id=40"},"modified":"2016-05-08T10:04:55","modified_gmt":"2016-05-08T08:04:55","slug":"sula-lokalita","status":"publish","type":"page","link":"https:\/\/www.sulafishing.com\/cs_CZ\/sula-lokalita\/","title":{"rendered":"SULA (LOKALITA)"},"content":{"rendered":"<p>[et_pb_section admin_label=&#8221;section&#8221;][et_pb_row admin_label=&#8221;row&#8221;][et_pb_column type=&#8221;4_4&#8243;][et_pb_text admin_label=&#8221;Text&#8221; background_layout=&#8221;light&#8221; text_orientation=&#8221;left&#8221; use_border_color=&#8221;off&#8221; border_color=&#8221;#ffffff&#8221; border_style=&#8221;solid&#8221; text_font_size=&#8221;18&#8243; custom_margin=&#8221;||0px|&#8221; custom_padding=&#8221;||0px|&#8221;]<\/p>\n<p><strong>Ubytovna pro ryb\u00e1\u0159e, Sula Rorbuer<\/strong><\/p>\n<p>&nbsp;<\/p>\n<p>[\/et_pb_text][et_pb_text admin_label=&#8221;Text&#8221; background_layout=&#8221;light&#8221; text_orientation=&#8221;left&#8221; use_border_color=&#8221;off&#8221; border_color=&#8221;#ffffff&#8221; border_style=&#8221;solid&#8221;]<\/p>\n<p>Ubytovna pro ryb\u00e1\u0159e, Sula Rorbuer, je um\u00edst\u011bna na idylick\u00e9m ostrov\u011b Sula.<br \/>\nNeporu\u0161en\u00e1 p\u0159\u00edroda a unik\u00e1tn\u00ed mo\u0159sk\u00e1 rozmanitost p\u0159edur\u010duji toto m\u00edsto k perfektn\u00edmu ryba\u0159en\u00ed po dobu cel\u00e9ho roku. Je to vynikaj\u00edc\u00ed m\u00edsto zvl\u00e1\u0161t\u011b pro lov tresek, polak\u016f, okounik\u016f, \u0161tikozubc\u016f, ale v okoln\u00edm mo\u0159i \u017eije i mnoho mo\u0159sk\u00fdch mn\u00edku a halibut\u016f.<\/p>\n<p>&nbsp;<\/p>\n<p>[\/et_pb_text][\/et_pb_column][\/et_pb_row][\/et_pb_section][et_pb_section admin_label=&#8221;section&#8221;][et_pb_row admin_label=&#8221;row&#8221; make_fullwidth=&#8221;on&#8221; use_custom_width=&#8221;off&#8221; width_unit=&#8221;on&#8221; use_custom_gutter=&#8221;off&#8221; padding_mobile=&#8221;off&#8221; allow_player_pause=&#8221;off&#8221; parallax=&#8221;off&#8221; parallax_method=&#8221;off&#8221; make_equal=&#8221;off&#8221; parallax_1=&#8221;off&#8221; parallax_method_1=&#8221;off&#8221; column_padding_mobile=&#8221;on&#8221; custom_padding=&#8221;|0px||0px&#8221;][et_pb_column type=&#8221;4_4&#8243;][et_pb_code admin_label=&#8221;K\u00f3d&#8221;]&lt;iframe src=&#8221;https:\/\/www.google.com\/maps\/embed?pb=!1m0!3m2!1scs!2scz!4v1446707650912!6m8!1m7!1s7AVjB1ORmXvmOQRYEIuYTA!2m2!1d63.84511106095808!2d8.464321951421196!3f287!4f0!5f0.7820865974627469&#8243; width=&#8221;100%&#8221; height=&#8221;450&#8243; frameborder=&#8221;0&#8243; style=&#8221;border:0&#8243; allowfullscreen&gt;&lt;\/iframe&gt;[\/et_pb_code][et_pb_code admin_label=&#8221;K\u00f3d&#8221;]&lt;iframe src=&#8221;https:\/\/www.google.com\/maps\/embed?pb=!1m0!3m2!1scs!2scz!4v1446779268510!6m8!1m7!1spk8peb_I2wIL87U9ZH3lzA!2m2!1d63.8461243!2d8.4600753!3f338.48513305365805!4f-4.406705297465734!5f0.7820865974627469&#8243; width=&#8221;100%&#8221; height=&#8221;450&#8243; frameborder=&#8221;0&#8243; style=&#8221;border:0&#8243; allowfullscreen&gt;&lt;\/iframe&gt;[\/et_pb_code][\/et_pb_column][\/et_pb_row][\/et_pb_section][et_pb_section admin_label=&#8221;section&#8221; transparent_background=&#8221;off&#8221; background_color=&#8221;#f3f3f3&#8243; allow_player_pause=&#8221;off&#8221; inner_shadow=&#8221;off&#8221; parallax=&#8221;off&#8221; parallax_method=&#8221;off&#8221; padding_mobile=&#8221;off&#8221; make_fullwidth=&#8221;off&#8221; use_custom_width=&#8221;off&#8221; width_unit=&#8221;on&#8221; make_equal=&#8221;off&#8221; use_custom_gutter=&#8221;off&#8221;][et_pb_row admin_label=&#8221;row&#8221; make_fullwidth=&#8221;on&#8221; use_custom_width=&#8221;off&#8221; width_unit=&#8221;on&#8221; use_custom_gutter=&#8221;on&#8221; gutter_width=&#8221;1&#8243; padding_mobile=&#8221;off&#8221; allow_player_pause=&#8221;off&#8221; parallax=&#8221;off&#8221; parallax_method=&#8221;off&#8221; make_equal=&#8221;off&#8221; parallax_1=&#8221;off&#8221; parallax_method_1=&#8221;off&#8221; column_padding_mobile=&#8221;on&#8221;][et_pb_column type=&#8221;4_4&#8243;][et_pb_text admin_label=&#8221;Text&#8221; background_layout=&#8221;light&#8221; text_orientation=&#8221;center&#8221; use_border_color=&#8221;off&#8221; border_color=&#8221;#ffffff&#8221; border_style=&#8221;solid&#8221;]<\/p>\n<p><strong>LOD\u011a <\/strong><\/p>\n<ul>\n<li>10 lod\u00ed &#8211; 19ft. vybaven\u00fdch 50HP motory<\/li>\n<li>4 lod\u011b\u00a0\u00a0 &#8211; 21ft.nov\u00e9ho typu, kter\u00e9 jsou \u201cnepotopiteln\u00e9\u201d.<\/li>\n<\/ul>\n<p>V\u0161echny lod\u011b jsou vybaveny plottery \u2013Echolot\/GPS, l\u00e9k\u00e1rni\u010dkami a z\u00e1chrann\u00fdm vybaven\u00edm<\/p>\n<p>&nbsp;<\/p>\n<p>[\/et_pb_text][et_pb_gallery admin_label=&#8221;Galerie&#8221; gallery_ids=&#8221;162,161,160,159,158,157,156&#8243; fullwidth=&#8221;off&#8221; show_title_and_caption=&#8221;off&#8221; show_pagination=&#8221;on&#8221; background_layout=&#8221;light&#8221; auto=&#8221;on&#8221; hover_overlay_color=&#8221;rgba(255,255,255,0.9)&#8221; caption_all_caps=&#8221;off&#8221; use_border_color=&#8221;off&#8221; border_color=&#8221;#ffffff&#8221; border_style=&#8221;solid&#8221; auto_speed=&#8221;2000&#8243;] [\/et_pb_gallery][\/et_pb_column][\/et_pb_row][\/et_pb_section][et_pb_section admin_label=&#8221;section&#8221; transparent_background=&#8221;off&#8221; background_color=&#8221;#ffffff&#8221; allow_player_pause=&#8221;off&#8221; inner_shadow=&#8221;off&#8221; parallax=&#8221;off&#8221; parallax_method=&#8221;off&#8221; custom_padding=&#8221;|0px||0px&#8221; padding_mobile=&#8221;off&#8221; make_fullwidth=&#8221;off&#8221; use_custom_width=&#8221;off&#8221; width_unit=&#8221;on&#8221; make_equal=&#8221;off&#8221; use_custom_gutter=&#8221;off&#8221;][et_pb_row admin_label=&#8221;row&#8221; make_fullwidth=&#8221;on&#8221; use_custom_width=&#8221;off&#8221; width_unit=&#8221;on&#8221; use_custom_gutter=&#8221;on&#8221; padding_mobile=&#8221;off&#8221; allow_player_pause=&#8221;off&#8221; parallax=&#8221;off&#8221; parallax_method=&#8221;off&#8221; make_equal=&#8221;off&#8221; parallax_1=&#8221;off&#8221; parallax_method_1=&#8221;off&#8221; column_padding_mobile=&#8221;on&#8221; custom_padding=&#8221;0px|0px|0px|0px&#8221; gutter_width=&#8221;1&#8243;][et_pb_column type=&#8221;4_4&#8243;][et_pb_map admin_label=&#8221;Mapa&#8221; address=&#8221;Sula, Norsko&#8221; zoom_level=&#8221;15&#8243; address_lat=&#8221;63.84585099999999&#8243; address_lng=&#8221;8.457343900000069&#8243; mouse_wheel=&#8221;on&#8221; use_grayscale_filter=&#8221;off&#8221;] [et_pb_map_pin title=&#8221;Sula Rorbuer 7280 Sula, Norsko&#8221; pin_address=&#8221;Fv437 2450, 7280 Sula, Norsko&#8221; pin_address_lat=&#8221;63.84515656712957&#8243; pin_address_lng=&#8221;8.464287636462359&#8243;] [\/et_pb_map_pin] [\/et_pb_map][\/et_pb_column][\/et_pb_row][\/et_pb_section]<\/p>\n<!-- AddThis Advanced Settings generic via filter on the_content --><!-- AddThis Share Buttons generic via filter on the_content -->","protected":false},"excerpt":{"rendered":"<p>[et_pb_section admin_label=&#8221;section&#8221;][et_pb_row admin_label=&#8221;row&#8221;][et_pb_column type=&#8221;4_4&#8243;][et_pb_text admin_label=&#8221;Text&#8221; background_layout=&#8221;light&#8221; text_orientation=&#8221;left&#8221; use_border_color=&#8221;off&#8221; border_color=&#8221;#ffffff&#8221; border_style=&#8221;solid&#8221; text_font_s&#8230;<!-- AddThis Advanced Settings generic via filter on get_the_excerpt --><!-- AddThis Share Buttons generic via filter on get_the_excerpt --><\/p>\n","protected":false},"author":1,"featured_media":0,"parent":0,"menu_order":0,"comment_status":"closed","ping_status":"closed","template":"","meta":{"_et_pb_use_builder":"on","_et_pb_old_content":"<p>Ubytovna pro ryb\u00e1\u0159e, Sula Rorbuer, je um\u00edst\u011bna na idylick\u00e9m ostrov\u011b Sula.<br \/> Neporu\u0161en\u00e1 p\u0159\u00edroda a unik\u00e1tn\u00ed mo\u0159sk\u00e1 rozmanitost p\u0159edur\u010duji toto m\u00edsto k perfektn\u00edmu ryba\u0159en\u00ed po dobu cel\u00e9ho roku. Je to vynikaj\u00edc\u00ed m\u00edsto zvl\u00e1\u0161t\u011b pro lov tresek, polak\u016f, okounik\u016f, \u0161tikozubc\u016f, ale v okoln\u00edm mo\u0159i \u017eije i mnoho mo\u0159sk\u00fdch mn\u00edku a halibut\u016f.<\/p><p><strong>LOD\u011a <\/strong><\/p><p>10 lod\u00ed - 19ft. vybaven\u00fdch 50HP motory<br \/> 4 lod\u011b\u00a0\u00a0 - 21ft.nov\u00e9ho typu,kter\u00e9 jsou \u201cnepotopitelne\u201d.<\/p><p>V\u0161echny lod\u011b jsou vybaveny plottery \u2013Echolot\/GPS ,l\u00e9k\u00e1rni\u010dkami a zachrann\u00fdm vybaven\u00edm<\/p><p>\u00a0<\/p>","_et_gb_content_width":""},"_links":{"self":[{"href":"https:\/\/www.sulafishing.com\/cs_CZ\/wp-json\/wp\/v2\/pages\/40"}],"collection":[{"href":"https:\/\/www.sulafishing.com\/cs_CZ\/wp-json\/wp\/v2\/pages"}],"about":[{"href":"https:\/\/www.sulafishing.com\/cs_CZ\/wp-json\/wp\/v2\/types\/page"}],"author":[{"embeddable":true,"href":"https:\/\/www.sulafishing.com\/cs_CZ\/wp-json\/wp\/v2\/users\/1"}],"replies":[{"embeddable":true,"href":"https:\/\/www.sulafishing.com\/cs_CZ\/wp-json\/wp\/v2\/comments?post=40"}],"version-history":[{"count":33,"href":"https:\/\/www.sulafishing.com\/cs_CZ\/wp-json\/wp\/v2\/pages\/40\/revisions"}],"predecessor-version":[{"id":11414,"href":"https:\/\/www.sulafishing.com\/cs_CZ\/wp-json\/wp\/v2\/pages\/40\/revisions\/11414"}],"wp:attachment":[{"href":"https:\/\/www.sulafishing.com\/cs_CZ\/wp-json\/wp\/v2\/media?parent=40"}],"curies":[{"name":"wp","href":"https:\/\/api.w.org\/{rel}","templated":true}]}}