{"id":2,"date":"2015-11-04T20:51:09","date_gmt":"2015-11-04T20:51:09","guid":{"rendered":"http:\/\/www.sulafishing.com\/?page_id=2"},"modified":"2016-05-08T10:36:56","modified_gmt":"2016-05-08T08:36:56","slug":"about","status":"publish","type":"page","link":"https:\/\/www.sulafishing.com\/cs_CZ\/","title":{"rendered":"\u00daVOD"},"content":{"rendered":"<p>[et_pb_section admin_label=&#8221;section&#8221;][et_pb_row admin_label=&#8221;row&#8221; make_fullwidth=&#8221;off&#8221; use_custom_width=&#8221;off&#8221; width_unit=&#8221;on&#8221; use_custom_gutter=&#8221;off&#8221; gutter_width=&#8221;4&#8243; padding_mobile=&#8221;off&#8221; allow_player_pause=&#8221;off&#8221; parallax=&#8221;off&#8221; parallax_method=&#8221;off&#8221; make_equal=&#8221;off&#8221; parallax_1=&#8221;off&#8221; parallax_method_1=&#8221;off&#8221; parallax_2=&#8221;off&#8221; parallax_method_2=&#8221;off&#8221; column_padding_mobile=&#8221;on&#8221; custom_padding=&#8221;0px||0px|&#8221;][et_pb_column type=&#8221;4_4&#8243;][et_pb_text admin_label=&#8221;Text&#8221; background_layout=&#8221;light&#8221; text_orientation=&#8221;left&#8221; text_font_size=&#8221;18&#8243; use_border_color=&#8221;off&#8221; border_color=&#8221;#ffffff&#8221; border_style=&#8221;solid&#8221; custom_padding=&#8221;0px||0px|&#8221; custom_margin=&#8221;-30px||0px|&#8221;]<\/p>\n<p><strong>RYBOLOV NA OTEV\u0158EN\u00c9M MO\u0158I &#8211; SULA ST\u0158EDN\u00cd NORSKO<\/strong><\/p>\n<p>[\/et_pb_text][\/et_pb_column][\/et_pb_row][et_pb_row admin_label=&#8221;row&#8221; make_fullwidth=&#8221;off&#8221; use_custom_width=&#8221;off&#8221; width_unit=&#8221;on&#8221; use_custom_gutter=&#8221;off&#8221; gutter_width=&#8221;4&#8243; padding_mobile=&#8221;off&#8221; allow_player_pause=&#8221;off&#8221; parallax=&#8221;off&#8221; parallax_method=&#8221;off&#8221; make_equal=&#8221;off&#8221; parallax_1=&#8221;off&#8221; parallax_method_1=&#8221;off&#8221; parallax_2=&#8221;off&#8221; parallax_method_2=&#8221;off&#8221; column_padding_mobile=&#8221;off&#8221; custom_padding=&#8221;0px||0px|&#8221;][et_pb_column type=&#8221;2_3&#8243;][et_pb_gallery admin_label=&#8221;Galerie&#8221; gallery_ids=&#8221;89,166,113,79&#8243; fullwidth=&#8221;on&#8221; show_title_and_caption=&#8221;off&#8221; show_pagination=&#8221;off&#8221; background_layout=&#8221;dark&#8221; auto=&#8221;on&#8221; auto_speed=&#8221;7000&#8243; hover_overlay_color=&#8221;rgba(255,255,255,0.9)&#8221; caption_font_size=&#8221;14&#8243; caption_all_caps=&#8221;off&#8221; title_font_size=&#8221;16&#8243; use_border_color=&#8221;off&#8221; border_color=&#8221;#ffffff&#8221; border_style=&#8221;solid&#8221;] [\/et_pb_gallery][\/et_pb_column][et_pb_column type=&#8221;1_3&#8243;][et_pb_image admin_label=&#8221;Obr\u00e1zek&#8221; src=&#8221;http:\/\/www.sulafishing.com\/wp-content\/uploads\/2015\/11\/sulaP1040346-Large.jpg&#8221; show_in_lightbox=&#8221;on&#8221; url_new_window=&#8221;off&#8221; animation=&#8221;left&#8221; sticky=&#8221;on&#8221; align=&#8221;center&#8221; force_fullwidth=&#8221;off&#8221; always_center_on_mobile=&#8221;on&#8221; use_border_color=&#8221;off&#8221; border_color=&#8221;#ffffff&#8221; border_style=&#8221;solid&#8221; max_width=&#8221;88%&#8221; custom_margin=&#8221;||18px|&#8221;] [\/et_pb_image][et_pb_image admin_label=&#8221;Obr\u00e1zek&#8221; src=&#8221;http:\/\/www.sulafishing.com\/wp-content\/uploads\/2015\/11\/IMG_0609-640&#215;480.jpg&#8221; show_in_lightbox=&#8221;on&#8221; url_new_window=&#8221;off&#8221; animation=&#8221;left&#8221; sticky=&#8221;on&#8221; align=&#8221;center&#8221; force_fullwidth=&#8221;off&#8221; always_center_on_mobile=&#8221;on&#8221; use_border_color=&#8221;off&#8221; border_color=&#8221;#ffffff&#8221; border_style=&#8221;solid&#8221; max_width=&#8221;88%&#8221;] [\/et_pb_image][\/et_pb_column][\/et_pb_row][et_pb_row admin_label=&#8221;row&#8221;][et_pb_column type=&#8221;4_4&#8243;][et_pb_text admin_label=&#8221;Text&#8221; background_layout=&#8221;light&#8221; text_orientation=&#8221;left&#8221; use_border_color=&#8221;off&#8221; border_color=&#8221;#ffffff&#8221; border_style=&#8221;solid&#8221; text_font_size=&#8221;14&#8243;]<\/p>\n<p><strong>O lokalit\u011b SULA, Norsku, ryba\u0159en\u00ed a dal\u0161\u00edch zaj\u00edmavostech.<\/strong><\/p>\n<p>Tyto str\u00e1nky jsou v\u011bnov\u00e1ny v\u00fdjime\u010dn\u00e9 lokalit\u011b a pravdiv\u00fdm zku\u0161enostem o ryba\u0159en\u00ed v NORSKU. Dovolte mi p\u00e1r slov. Norsko je kr\u00e1sn\u00e1 zem\u011b, plan\u00e1 barev, z\u00e1\u017eitk\u016f a zvrat\u016f. Hodn\u011b lid\u00ed sem jezd\u00ed za odpo\u010dinkem a hlavn\u011b za rybami. Ka\u017ed\u00fd, a\u0165 u\u017e za\u010d\u00e1te\u010dn\u00edk \u010di zku\u0161en\u00fd mo\u0159sk\u00fd vlk tou\u017e\u00ed pro kr\u00e1sn\u00fdch \u00falovc\u00edch a z\u00e1\u017eitku, na kter\u00fd bude dlouho vzpom\u00ednat. J\u00e1 jezd\u00edm do Norska u\u017e 16 let n\u011bkolikr\u00e1t ro\u010dn\u011b.<\/p>\n<p>Za\u010d\u00ednal jsem asi stejn\u011b jako v\u0161ichni u CK Korlin, postupn\u011b jsem projel od jihu a\u017e na sever a m\u016f\u017eu \u0159\u00edct, \u017ee ka\u017ed\u00e9 m\u00edsto je jedine\u010dn\u00e9 a m\u00e1 plusy i m\u00ednusy. Jeliko\u017e jsem dlouho nejezdil na stejn\u00e9 m\u00edsto vice jak dvakr\u00e1t, v\u017edycky jsem musel ryby n\u011bkolik dn\u00ed hledat a na ta nejlep\u0161\u00ed m\u00edsta jsem se mnohdy ani nedostal. V\u017edy mi prodejcem bylo slibov\u00e1no jak si v lokalit\u011b perfektn\u011b zachyt\u00e1m a v\u0161e mi bude na m\u00edst\u011b vysv\u011btleno (v\u010detn\u011b tip\u016f na zaru\u010den\u00e1 m\u00edsta) a ve v\u011bt\u0161in\u011b p\u0159\u00edpad\u016f tomu tak nebylo.<\/p>\n<p>Na Titranu jsem se setkal p\u0159ed n\u011bkolika lety s D\u011bdem 145 a Dor\u0161\u00e1kem, pr\u00e1v\u011b zde jsem si chytil prvn\u00edho mn\u00edka hodn\u011b p\u0159es metr a tak jsem na Titran jezdil p\u00e1r let, a bylo to super. Hlavn\u011b jsem se sna\u017eil dostat na ORNKLAKEN, co\u017e je 21 km od pob\u0159e\u017e\u00ed Titranu, je tam perfektn\u00ed ryba\u0159ina, kdy\u017e v\u00edte jak a kde chytat. Hledal jsem mo\u017enost jak se na ORNKLAKEN dostat l\u00e9pe, rychleji a bezpe\u010dn\u011bji. C\u00edlem se stal ostrov SULA, a pr\u00e1v\u011b v t\u00e9to v lokalit\u011b, jsem na\u0161el v\u0161e, co jsem v Norsku hledal tzn., rozmanitost lovn\u00e9 lokality, perfektn\u00ed ubytov\u00e1n\u00ed, z\u00e1zem\u00ed filet\u00e1rny s mraz\u00edc\u00ed m\u00edstnost\u00ed na ryby pro rychl\u00e9 zamrazen\u00ed \u00falovk\u016f, bezpe\u010dn\u00e9 a stabiln\u00ed lod\u011b, se kter\u00fdmi vyjedu I za nep\u0159\u00edzniv\u00e9ho po\u010das\u00ed a hlavn\u011b pohodu a servis od majitel\u016f kempu. Tak\u017ee d\u00edky tomu se ryb\u00e1\u0159 m\u016f\u017ee v\u011bnovat v\u011bcem podstatn\u00fdm a to je ryba\u0159ina.<\/p>\n<p>Na SULE, kolem mnoha ostr\u016fvk\u016f a na m\u011bl\u010din\u00e1ch vzd\u00e1len\u00fdch jen 4 km, m\u016f\u017eete chytat na vl\u00e1\u010dku, kr\u00e1sn\u00e9 polaky a tresky obecn\u00e9, ob\u010das se poda\u0159\u00ed I halibut nebo a to je hlavn\u00ed moje z\u00e1liba, m\u016f\u017eete jet na otev\u0159en\u00e9 mo\u0159e bu\u010f na ORNKLAKEN, kter\u00fd je od chaty 11 Km &#8211; 15 min cesty lod\u00ed nebo Torskalen 7 Km \u2013 10 minut a prochyt\u00e1vat hloubky. Nejv\u00edce zde chyt\u00e1m mn\u00edky a tresky obecn\u00e9 &#8211; Dor\u0161e a Kelery. N\u011bkdy se poda\u0159\u00ed i p\u011bkn\u00ed Okoun\u00edci a jednoskvrnky. Chyt\u00e1me zde skute\u010dn\u011b kr\u00e1sn\u00e9 ryby. Tresky nad metr a mn\u00edc\u00ed od 110 cm do 150 cm se chytaj\u00ed b\u011b\u017en\u011b. Pro zaj\u00edmavost m\u016fj zat\u00edm nejv\u011bt\u0161\u00ed je 168 cm, d\u011bd\u016fv 175 cm. Jasn\u011b, v mnoha lokalit\u00e1ch v Norsku si m\u016f\u017eete skv\u011ble zachytat, mus\u00edte ale v\u011bd\u011bt, kdy, kam vyjet a jak chytat. Tedy kdy\u017e n\u011bkam p\u0159ijedu a chci si zachytat a ne zamasa\u0159it, pot\u0159ebuji v\u011bt\u0161inou poradit abych neztr\u00e1cel \u010das zbyte\u010dn\u00fdm prozkoum\u00e1v\u00e1n\u00ed ter\u00e9nu a vody.<\/p>\n<p>Snad mohu \u0159\u00edci, \u017ee na SULE u\u017e v\u00edme, kam kdy a na jak\u00e9 ryby vyrazit. A tak\u00e9 se d\u00e1 \u0159\u00edct, \u017ee ka\u017ed\u00fd kdo s n\u00e1mi jede (i za\u010d\u00e1te\u010dn\u00edk) si skv\u011ble zachyt\u00e1, kdy\u017e m\u00e1 z\u00e1jem a chce. Nejsme cestovka, jezd\u00edme vlastn\u00ed dopravou party max 12 lid\u00ed a pobyty objedn\u00e1v\u00e1m za v\u0161echny skupinov\u011b p\u0159\u00edmo u majitelky kempu. Cenu m\u00e1me stejnou jako ostatn\u00ed a n\u011bkdy i dostaneme nepatrnou slevu (z\u00e1le\u017e\u00ed na vyt\u00ed\u017eenosti kempu). Sice je na SULE o mali\u010dko vy\u0161\u0161\u00ed ne\u017e jinde, ale za vysok\u00fd standard, kter\u00fd tato lokalita poskytuje to nen\u00ed moc.<\/p>\n<p><strong>Hlavn\u00edm bonusem pro lidi, kte\u0159\u00ed jezd\u00ed s n\u00e1mi je to, \u017ee jim na pobytu uk\u00e1\u017eeme lovn\u00e1 m\u00edsta a jezd\u00edme s nimi na na\u0161e ov\u011b\u0159en\u00e1 m\u00edsta co\u017e je z\u00e1ruka toho, \u017ee si skv\u011ble zachytaj\u00ed a to m\u011b a p\u0159edpokl\u00e1d\u00e1m i ostatn\u00edm jde p\u0159edev\u0161\u00edm. Srde\u010dn\u011b v\u00e1s zvu na ryba\u0159inu na SULE a m\u00e1te-li z\u00e1jem o pobyt zde napi\u0161te mi r\u00e1d se v\u00e1m budu v\u011bnovat.<br \/>\nRoman <\/strong><\/p>\n<p><strong>Doporu\u010duji se pod\u00edvat i <a href=\"http:\/\/www.sulafishing.com\/zkusenosti-rybaru\/\">na reference<\/a>.<\/strong><\/p>\n<p>[\/et_pb_text][\/et_pb_column][\/et_pb_row][\/et_pb_section]<\/p>\n<!-- AddThis Advanced Settings generic via filter on the_content --><!-- AddThis Share Buttons generic via filter on the_content -->","protected":false},"excerpt":{"rendered":"<p>[et_pb_section admin_label=&#8221;section&#8221;][et_pb_row admin_label=&#8221;row&#8221; make_fullwidth=&#8221;off&#8221; use_custom_width=&#8221;off&#8221; width_unit=&#8221;on&#8221; use_custom_gutter=&#8221;off&#8221; gutter_width=&#8221;4&#8243; padding_mobile=&#8221;off&#8221; allow_player_pause=&#8221;off&#8221; parallax=&#8221;off&#8221; parallax_method=&#8221;off&#8221; &#8230;<!-- AddThis Advanced Settings generic via filter on get_the_excerpt --><!-- AddThis Share Buttons generic via filter on get_the_excerpt --><\/p>\n","protected":false},"author":1,"featured_media":0,"parent":0,"menu_order":0,"comment_status":"open","ping_status":"open","template":"","meta":{"_et_pb_use_builder":"on","_et_pb_old_content":"<p>[et_pb_section admin_label=\"section\"][et_pb_row admin_label=\"row\"][et_pb_column type=\"4_4\"][et_pb_text admin_label=\"Text\"]<\/p><p>RYBOLOV NA OTEV\u0158EN\u00c9M MO\u0158I<\/p><p>SULA ST\u0158EDN\u00cd NORSKO<br \/> <strong><br \/> <\/strong>O lokalit\u011b SULA, Norsku, ryba\u0159en\u00ed a dal\u0161\u00edch zaj\u00edmavostech.<\/p><p>Tyto str\u00e1nky jsou v\u011bnov\u00e1ny v\u00fdjime\u010dn\u00e9 lokalit\u011b a pravdiv\u00fdm zku\u0161enostem o ryba\u0159en\u00ed v NORSKU. Dovolte mi p\u00e1r slov. Norsko je kr\u00e1sn\u00e1 zem\u011b, plan\u00e1 barev, z\u00e1\u017eitk\u016f a zvrat\u016f. Hodn\u011b lid\u00ed sem jezd\u00ed za odpo\u010dinkem a hlavn\u011b za rybami. Ka\u017ed\u00fd, a\u0165 u\u017e za\u010d\u00e1te\u010dn\u00edk \u010di zku\u0161en\u00fd mo\u0159sk\u00fd vlk tou\u017e\u00ed pro kr\u00e1sn\u00fdch \u00falovc\u00edch a z\u00e1\u017eitku, na kter\u00fd bude dlouho vzpom\u00ednat. J\u00e1 jezd\u00edm do Norska u\u017e 16 let n\u011bkolikr\u00e1t ro\u010dn\u011b.<\/p><p>Za\u010d\u00ednal jsem asi stejn\u011b jako v\u0161ichni u CK Korlin, postupn\u011b jsem projel od jihu a\u017e na sever a m\u016f\u017eu \u0159\u00edct, \u017ee ka\u017ed\u00e9 m\u00edsto je jedine\u010dn\u00e9 a m\u00e1 plusy i m\u00ednusy. Jeliko\u017e jsem dlouho nejezdil na stejn\u00e9 m\u00edsto vice jak dvakr\u00e1t, v\u017edycky jsem musel ryby n\u011bkolik dn\u00ed hledat a na ta nejlep\u0161\u00ed m\u00edsta jsem se mnohdy ani nedostal. V\u017edy mi prodejcem bylo slibov\u00e1no jak si v lokalit\u011b perfektn\u011b zachyt\u00e1m a v\u0161e mi bude na m\u00edst\u011b vysv\u011btleno (v\u010detn\u011b tip\u016f na zaru\u010den\u00e1 m\u00edsta) a ve v\u011bt\u0161in\u011b p\u0159\u00edpad\u016f tomu tak nebylo.<\/p><p>Na Titranu jsem se setkal p\u0159ed n\u011bkolika lety s D\u011bdem 145 a Dor\u0161\u00e1kem, pr\u00e1v\u011b zde jsem si chytil prvn\u00edho mn\u00edka hodn\u011b p\u0159es metr a tak jsem na Titran jezdil p\u00e1r let, a bylo to super. Hlavn\u011b jsem se sna\u017eil dostat na ORKLAKEN, co\u017e je 21 km od pob\u0159e\u017e\u00ed Titranu, je tam perfektn\u00ed ryba\u0159ina, kdy\u017e v\u00edte jak a kde chytat. Hledal jsem mo\u017enost jak se na ORKLAKEN dostat l\u00e9pe, rychleji a bezpe\u010dn\u011bji. C\u00edlem se stal ostrov SULA, a pr\u00e1v\u011b v t\u00e9to v lokalit\u011b, jsem na\u0161el v\u0161e, co jsem v Norsku hledal tzn., rozmanitost lovn\u00e9 lokality, perfektn\u00ed ubytov\u00e1n\u00ed, z\u00e1zem\u00ed filet\u00e1rny s mraz\u00edc\u00ed m\u00edstnost\u00ed na ryby pro rychl\u00e9 zamrazen\u00ed \u00falovk\u016f, bezpe\u010dn\u00e9 a stabiln\u00ed lod\u011b, se kter\u00fdmi vyjedu I za nep\u0159\u00edzniv\u00e9ho po\u010das\u00ed a hlavn\u011b pohodu a servis od majitel\u016f kempu. Tak\u017ee d\u00edky tomu se ryb\u00e1\u0159 m\u016f\u017ee v\u011bnovat v\u011bcem podstatn\u00fdm a to je ryba\u0159ina.<\/p><p>Na SULE, kolem mnoha ostr\u016fvk\u016f a na m\u011bl\u010din\u00e1ch vzd\u00e1len\u00fdch jen 4 km, m\u016f\u017eete chytat na vl\u00e1\u010dku, kr\u00e1sn\u00e9 polaky a tresky obecn\u00e9, ob\u010das se poda\u0159\u00ed I halibut nebo a to je hlavn\u00ed moje z\u00e1liba, m\u016f\u017eete jet na otev\u0159en\u00e9 mo\u0159e bu\u010f na ORKLAKEN, kter\u00fd je od chaty 11 Km - 15 min cesty lod\u00ed nebo Torskalen 7 Km \u2013 10 minut a prochyt\u00e1vat hloubky. Nejv\u00edce zde chyt\u00e1m mn\u00edky a tresky obecn\u00e9 - Dor\u0161e a Kelery. N\u011bkdy se poda\u0159\u00ed i p\u011bkn\u00ed Okoun\u00edci a jednoskvrnky. Chyt\u00e1me zde skute\u010dn\u011b kr\u00e1sn\u00e9 ryby. Tresky nad metr a mn\u00edc\u00ed od 110 cm do 150 cm se chytaj\u00ed b\u011b\u017en\u011b. Pro zaj\u00edmavost m\u016fj zat\u00edm nejv\u011bt\u0161\u00ed je 168 cm, d\u011bd\u016fv 175 cm. Jasn\u011b, v mnoha lokalit\u00e1ch v Norsku si m\u016f\u017eete skv\u011ble zachytat, mus\u00edte ale v\u011bd\u011bt, kdy, kam vyjet a jak chytat. Tedy kdy\u017e n\u011bkam p\u0159ijedu a chci si zachytat a ne zamasa\u0159it, pot\u0159ebuji v\u011bt\u0161inou poradit abych neztr\u00e1cel \u010das zbyte\u010dn\u00fdm prozkoum\u00e1v\u00e1n\u00ed ter\u00e9nu a vody.<\/p><p>Snad mohu \u0159\u00edci, \u017ee na SULE u\u017e v\u00edme, kam kdy a na jak\u00e9 ryby vyrazit. A tak\u00e9 se d\u00e1 \u0159\u00edct, \u017ee ka\u017ed\u00fd kdo s n\u00e1mi jede (i za\u010d\u00e1te\u010dn\u00edk) si skv\u011ble zachyt\u00e1, kdy\u017e m\u00e1 z\u00e1jem a chce. Nejsme cestovka, jezd\u00edme vlastn\u00ed dopravou party max 12 lid\u00ed a pobyty objedn\u00e1v\u00e1m za v\u0161echny skupinov\u011b p\u0159\u00edmo u majitelky kempu. Cenu m\u00e1me stejnou jako ostatn\u00ed a n\u011bkdy I dostaneme nepatrnou slevu (z\u00e1le\u017e\u00ed na vyt\u00ed\u017eenosti kempu). Sice je na SULE o mali\u010dko vy\u0161\u0161\u00ed ne\u017e jinde, ale vysok\u00fd standard, kter\u00fd tato lokalita poskytuje to nen\u00ed moc.<\/p><p><strong>Hlavn\u00edm bonusem pro lidi kte\u0159\u00ed jezd\u00ed s n\u00e1mi je to, \u017ee jim na pobytu uk\u00e1\u017eeme lovn\u00e1 m\u00edsta a jezd\u00edme s nimi na na\u0161e ov\u011b\u0159en\u00e1 m\u00edsta co\u017e je z\u00e1ruka toho, \u017ee si skv\u011ble zachytaj\u00ed a to m\u011b a p\u0159edpokl\u00e1d\u00e1m I ostatn\u00edm jde p\u0159edev\u0161\u00edm. Srde\u010dn\u011b v\u00e1s zvu na ryba\u0159inu na SULE a m\u00e1te-li z\u00e1jem o pobyt zde napi\u0161te mi r\u00e1d se v\u00e1m budu v\u011bnovat. Roman <\/strong><\/p><p><strong>Doporu\u010duji se pod\u00edvat i na reference<\/strong><\/p><p>[\/et_pb_text][et_pb_image admin_label=\"Obr\u00e1zek\" src=\"http:\/\/www.sulafishing.com\/wp-content\/uploads\/2015\/11\/uvod_foto-Large.jpg\" show_in_lightbox=\"off\" url_new_window=\"off\" animation=\"fade_in\" sticky=\"on\" align=\"center\" force_fullwidth=\"off\" always_center_on_mobile=\"on\" use_border_color=\"off\" border_color=\"#ffffff\" border_style=\"solid\" \/][\/et_pb_column][\/et_pb_row][\/et_pb_section]<\/p>","_et_gb_content_width":""},"_links":{"self":[{"href":"https:\/\/www.sulafishing.com\/cs_CZ\/wp-json\/wp\/v2\/pages\/2"}],"collection":[{"href":"https:\/\/www.sulafishing.com\/cs_CZ\/wp-json\/wp\/v2\/pages"}],"about":[{"href":"https:\/\/www.sulafishing.com\/cs_CZ\/wp-json\/wp\/v2\/types\/page"}],"author":[{"embeddable":true,"href":"https:\/\/www.sulafishing.com\/cs_CZ\/wp-json\/wp\/v2\/users\/1"}],"replies":[{"embeddable":true,"href":"https:\/\/www.sulafishing.com\/cs_CZ\/wp-json\/wp\/v2\/comments?post=2"}],"version-history":[{"count":86,"href":"https:\/\/www.sulafishing.com\/cs_CZ\/wp-json\/wp\/v2\/pages\/2\/revisions"}],"predecessor-version":[{"id":11428,"href":"https:\/\/www.sulafishing.com\/cs_CZ\/wp-json\/wp\/v2\/pages\/2\/revisions\/11428"}],"wp:attachment":[{"href":"https:\/\/www.sulafishing.com\/cs_CZ\/wp-json\/wp\/v2\/media?parent=2"}],"curies":[{"name":"wp","href":"https:\/\/api.w.org\/{rel}","templated":true}]}}